{"id":94,"date":"2023-06-06T15:33:36","date_gmt":"2023-06-06T13:33:36","guid":{"rendered":"https:\/\/chaletmorion-lenk.ch\/?page_id=94"},"modified":"2024-01-07T18:10:05","modified_gmt":"2024-01-07T16:10:05","slug":"simmental-card","status":"publish","type":"page","link":"https:\/\/chaletmorion-lenk.ch\/?page_id=94","title":{"rendered":"Simmental Card"},"content":{"rendered":"\n<p>Als unsere G\u00e4ste erhalten Sie die Simmental Card wo sie im Sommer und im Winter zahlreiche Verg\u00fcnstigungen geniessen k\u00f6nnen. <br>Fahren Sie im Sommer und NEU auch im Winter kostenlos mit der Bahn und Bus durchs Simmental und Saanenland oder nehmen sie an einer der zahlreichen Veranstaltungen teil.<\/p>\n\n\n\n<p>Im Winter bringt Sie der Ortsbus mit der Simmental Card kostenlos zur Talstation der Bergbahnen. Oder sie geniessen verg\u00fcnstigt das Erlebnisbad an der Lenk. <\/p>\n\n\n\n<p><a href=\"https:\/\/lenk-simmental.ch\/unser-simmental\/gut-zu-wissen\/simmental-card\/\">https:\/\/lenk-simmental.ch\/unser-simmental\/gut-zu-wissen\/simmental-card\/<\/a><\/p>\n","protected":false},"excerpt":{"rendered":"<p>Als unsere G\u00e4ste erhalten Sie die Simmental Card wo sie im Sommer und im Winter zahlreiche Verg\u00fcnstigungen geniessen k\u00f6nnen. Fahren Sie im Sommer und NEU auch im Winter kostenlos mit der Bahn und Bus durchs Simmental und Saanenland oder nehmen sie an einer der zahlreichen Veranstaltungen teil. Im Winter bringt Sie der Ortsbus mit der&hellip;&nbsp;<a href=\"https:\/\/chaletmorion-lenk.ch\/?page_id=94\" rel=\"bookmark\"><span class=\"screen-reader-text\">Simmental Card<\/span><\/a><\/p>\n","protected":false},"author":1,"featured_media":0,"parent":2,"menu_order":1,"comment_status":"closed","ping_status":"closed","template":"","meta":{"neve_meta_sidebar":"","neve_meta_container":"","neve_meta_enable_content_width":"","neve_meta_content_width":0,"neve_meta_title_alignment":"","neve_meta_author_avatar":"","neve_post_elements_order":"","neve_meta_disable_header":"","neve_meta_disable_footer":"","neve_meta_disable_title":"","footnotes":""},"class_list":["post-94","page","type-page","status-publish","hentry"],"_links":{"self":[{"href":"https:\/\/chaletmorion-lenk.ch\/index.php?rest_route=\/wp\/v2\/pages\/94","targetHints":{"allow":["GET"]}}],"collection":[{"href":"https:\/\/chaletmorion-lenk.ch\/index.php?rest_route=\/wp\/v2\/pages"}],"about":[{"href":"https:\/\/chaletmorion-lenk.ch\/index.php?rest_route=\/wp\/v2\/types\/page"}],"author":[{"embeddable":true,"href":"https:\/\/chaletmorion-lenk.ch\/index.php?rest_route=\/wp\/v2\/users\/1"}],"replies":[{"embeddable":true,"href":"https:\/\/chaletmorion-lenk.ch\/index.php?rest_route=%2Fwp%2Fv2%2Fcomments&post=94"}],"version-history":[{"count":3,"href":"https:\/\/chaletmorion-lenk.ch\/index.php?rest_route=\/wp\/v2\/pages\/94\/revisions"}],"predecessor-version":[{"id":148,"href":"https:\/\/chaletmorion-lenk.ch\/index.php?rest_route=\/wp\/v2\/pages\/94\/revisions\/148"}],"up":[{"embeddable":true,"href":"https:\/\/chaletmorion-lenk.ch\/index.php?rest_route=\/wp\/v2\/pages\/2"}],"wp:attachment":[{"href":"https:\/\/chaletmorion-lenk.ch\/index.php?rest_route=%2Fwp%2Fv2%2Fmedia&parent=94"}],"curies":[{"name":"wp","href":"https:\/\/api.w.org\/{rel}","templated":true}]}}