{"id":96,"date":"2023-06-06T15:58:40","date_gmt":"2023-06-06T13:58:40","guid":{"rendered":"https:\/\/chaletmorion-lenk.ch\/?page_id=96"},"modified":"2023-06-06T17:44:12","modified_gmt":"2023-06-06T15:44:12","slug":"ueber-uns","status":"publish","type":"page","link":"https:\/\/chaletmorion-lenk.ch\/?page_id=96","title":{"rendered":"\u00dcber uns"},"content":{"rendered":"\n<p>Bereits meine Grosseltern und dann auch mein Vater und Onkel wuchsen an der Lenk auf und sind dort stark verwurzelt. Aus beruflichen Gr\u00fcnden zogen meine Eltern ins Berner Mittelland, wo wir auch heute noch leben. Als Kind durfte ich mit meiner Schwester sehr viele unvergessliche Tage bei meiner Grossmutter an der Lenk verbringen. Da gab es die Lenker Kindertage mit Kurt Pahlen und Ted Scapa im Sommer und die unendlich vielen Stunden auf den Ski und sp\u00e4ter auf dem Snowboard im Winter. Auch meine Kinder lernten bei der Mittelstation Stoos ihre ersten Schw\u00fcnge auf den Skis. L\u00e4ngst ist die Lenk zu unserer zweiten Heimat geworden. <\/p>\n\n\n\n<p>Nun d\u00fcrfen wir die Wohnung meiner Grossmutter an euch zu Ferienzwecken vermieten, was uns sehr freut. Wir hoffen dass ihr euren Aufenthalt geniesst und ebenso viele sch\u00f6ner Erinnerungen mitnehmen k\u00f6nnt wie wir. <\/p>\n\n\n\n<p>Herzlich<br>Dominique und Familie<\/p>\n","protected":false},"excerpt":{"rendered":"<p>Bereits meine Grosseltern und dann auch mein Vater und Onkel wuchsen an der Lenk auf und sind dort stark verwurzelt. Aus beruflichen Gr\u00fcnden zogen meine Eltern ins Berner Mittelland, wo wir auch heute noch leben. Als Kind durfte ich mit meiner Schwester sehr viele unvergessliche Tage bei meiner Grossmutter an der Lenk verbringen. Da gab&hellip;&nbsp;<a href=\"https:\/\/chaletmorion-lenk.ch\/?page_id=96\" rel=\"bookmark\"><span class=\"screen-reader-text\">\u00dcber uns<\/span><\/a><\/p>\n","protected":false},"author":1,"featured_media":0,"parent":2,"menu_order":2,"comment_status":"closed","ping_status":"closed","template":"","meta":{"neve_meta_sidebar":"","neve_meta_container":"","neve_meta_enable_content_width":"","neve_meta_content_width":0,"neve_meta_title_alignment":"","neve_meta_author_avatar":"","neve_post_elements_order":"","neve_meta_disable_header":"","neve_meta_disable_footer":"","neve_meta_disable_title":"","footnotes":""},"class_list":["post-96","page","type-page","status-publish","hentry"],"_links":{"self":[{"href":"https:\/\/chaletmorion-lenk.ch\/index.php?rest_route=\/wp\/v2\/pages\/96","targetHints":{"allow":["GET"]}}],"collection":[{"href":"https:\/\/chaletmorion-lenk.ch\/index.php?rest_route=\/wp\/v2\/pages"}],"about":[{"href":"https:\/\/chaletmorion-lenk.ch\/index.php?rest_route=\/wp\/v2\/types\/page"}],"author":[{"embeddable":true,"href":"https:\/\/chaletmorion-lenk.ch\/index.php?rest_route=\/wp\/v2\/users\/1"}],"replies":[{"embeddable":true,"href":"https:\/\/chaletmorion-lenk.ch\/index.php?rest_route=%2Fwp%2Fv2%2Fcomments&post=96"}],"version-history":[{"count":1,"href":"https:\/\/chaletmorion-lenk.ch\/index.php?rest_route=\/wp\/v2\/pages\/96\/revisions"}],"predecessor-version":[{"id":97,"href":"https:\/\/chaletmorion-lenk.ch\/index.php?rest_route=\/wp\/v2\/pages\/96\/revisions\/97"}],"up":[{"embeddable":true,"href":"https:\/\/chaletmorion-lenk.ch\/index.php?rest_route=\/wp\/v2\/pages\/2"}],"wp:attachment":[{"href":"https:\/\/chaletmorion-lenk.ch\/index.php?rest_route=%2Fwp%2Fv2%2Fmedia&parent=96"}],"curies":[{"name":"wp","href":"https:\/\/api.w.org\/{rel}","templated":true}]}}